{"id":3,"date":"2025-01-12T00:26:04","date_gmt":"2025-01-11T23:26:04","guid":{"rendered":"https:\/\/vermietung.teubers.ch\/?page_id=3"},"modified":"2025-01-12T00:31:08","modified_gmt":"2025-01-11T23:31:08","slug":"privacy-policy","status":"publish","type":"page","link":"https:\/\/vermietung.teubers.ch\/?page_id=3","title":{"rendered":"Datenschutzerkl\u00e4rung"},"content":{"rendered":"\n<pre class=\"wp-block-preformatted has-small-font-size\">Stand: 01.01.2025<br><br>Die Pfadihuus-Vermietungswebseite ist eine Plattform f\u00fcr die Vermietung des Pfadihuus. Hier kann der Nutzer Informationen einholen und \u00fcber das Mietanfrage Formular Kontakt aufnehmen. Die Pfadihuus Vermietung finanziert sich ausschliesslich \u00fcber die Mieteinnahmen und niemals \u00fcber den Verkauf von Daten.<br><br><strong>Kontaktadressen<\/strong><br>Datenschutzbeauftragte und verantwortlich f\u00fcr die Bearbeitung von Personendaten:<br><em>Pfadihuus Vermietungsteam <br>Alte Schmerikonerstr.6<br>8733 Eschenbach SG<br><a href=\"javascript:DeCryptX('1w2g0r3p3l3h1u0u3q3j3C0p3i3d0d1j2g2u1d2j1f2p1c2c1d2j200c1i')\">vermietung [at] pfadieschenbach [dot] ch<\/a><\/em><br><br><strong>Datenerhebung und Verwendungszweck<\/strong><br>Wir bearbeiten jene Daten, die erforderlich sind, damit die Pfadihuus-Vermietungswebseite ihren Zweck dauerhaft, nutzerfreundlich, sicher und zuverl\u00e4ssig erf\u00fcllen kann.<br><br><strong>Personenbezogene Daten<\/strong><br>Wenn Sie die Pfadihuus-Vermietungswebseite benutzen, um den Hauptraum zu reservieren, dann speichern wir genau jene personenbezogenen Daten, die Sie auch in den Formularen sehen und ausf\u00fcllen: E-Mail-Adresse, Namen, Adresse, Geburtsdatum und Telefonnummer.<br>Die zwingend verlangten Angaben werden f\u00fcr die Abwicklung Ihrer Buchung ben\u00f6tigt.<br><br><strong>Buchungsbezogene Daten<\/strong><br>Ebenso werden die erhobenen buchungsbezogenen Daten gespeichert: Zeitraum, Mietzweck, Organisation, Rechnungsadresse, Anzahl Personen und ggf. weitere Zusatzinformationen. Diese werden ebenfalls f\u00fcr die Abwicklung der Buchung ben\u00f6tigt.<br><br><strong>Sicherheits\u00acmassnahmen<\/strong><br>Wir tun unser M\u00f6glichstes, um Ihre Daten sicher zu halten. Insbesondere verwenden wir zeitgem\u00e4sse Sicherheitstechnologie, aktualisieren unsere Software regelm\u00e4ssig und hosten unsere Applikation bei einer verl\u00e4sslichen Partnerin in Schweiz.<br><br><strong>Einsatz von Cookies<\/strong><br>Unsere Website verwendet keine Cookies.<br><br><strong>Analyse-Tools und Social Media Plug-ins<\/strong><br>Wir verwenden f\u00fcr unsere Website keine Tracking-Tools (wie z.B. Google Analytics) und platzieren keine Plug-ins von Social Media Diensten wie z.B. Instagram oder Facebook.<br><br><strong>Datenweitergabe an Dritte<\/strong><br>Wir geben keine pers\u00f6nlichen Daten an Dritte weiter. <br><br><strong>Dienste von Dritten<br><\/strong>Wir nutzen Dienste von spezialisierten Dritten, um die Pfadihuus Vermietungswebseite dauerhaft, nutzerfreundlich, sicher und zuverl\u00e4ssig anbieten zu k\u00f6nnen. Mit solchen Diensten k\u00f6nnen wir unter anderem Funktionen und Inhalte in unsere Website einbetten. Bei einer solchen Einbettung erfassen die genutzten Dienste aus technisch zwingenden Gr\u00fcnden mindestens zeitweilig die Internet Protocol (IP)-Adressen der Nutzerinnen und Nutzer.<br>Wir nutzen insbesondere:<br>\u2022\tDienste von WordPress  https:\/\/de.wordpress.org\/<br>\u2022\tDienste von VTX          https:\/\/www.vtx.ch\/de\/residential\/hosting\/webhosting\/<br><br><strong>Nutzung der Daten \u00fcber die Leistungserbringung hinaus<\/strong><br>F\u00fcr die Gesch\u00e4fts-und Buchf\u00fchrung bewahren wir die Buchungsdaten, die zu einem Vertragsabschluss einer Vermietung f\u00fchren, bis maximal 5 Jahre auf.<br><br><strong>Recht auf Auskunft und L\u00f6schung<\/strong><br>Sie k\u00f6nnen jederzeit eine unentgeltliche Auskunft \u00fcber die bei uns zu ihrer Person gespeicherten Daten verlangen. Sie haben erg\u00e4nzend ein Recht auf Berichtigung und L\u00f6schung dieser Daten. Richten Sie ein entsprechendes Anliegen bitte per E-Mail <a href=\"javascript:DeCryptX('2c1w0e2t1n0i0e2v0u2p0g1A2r2h3d1e1j3h3v1d0h1f2p2d3d0c3k200c3k')\">avermietung [at] pfadieschenbach [dot] ch<\/a><br><br><strong>\u00c4nderung dieser Datenschutz-Erkl\u00e4rung<\/strong><br>Diese Datenschutzerkl\u00e4rung wird angepasst, wenn sich etwas an der Art und Weise \u00e4ndert, wie wir mit Personendaten umgehen. Die \u00c4nderungen werden auf der Webseite publiziert. F\u00fcr weitere Ausk\u00fcnfte wenden Sie sich an <a href=\"javascript:DeCryptX('0v1f3u0m1j2g0t1v2p3j1A2r3i0a1e0i3h2u0c3k3h3q2d1b3f2j0.2e2j')\">vermietung [at] pfadieschenbach [dot] ch<\/a> <br><br><\/pre>\n","protected":false},"excerpt":{"rendered":"<p>Stand: 01.01.2025Die Pfadihuus-Vermietungswebseite ist eine Plattform f\u00fcr die Vermietung des Pfadihuus. Hier kann der Nutzer Informationen einholen und \u00fcber das Mietanfrage Formular Kontakt aufnehmen. Die Pfadihuus Vermietung finanziert sich ausschliesslich \u00fcber die Mieteinnahmen und niemals \u00fcber den Verkauf von Daten.KontaktadressenDatenschutzbeauftragte und verantwortlich f\u00fcr die Bearbeitung von Personendaten:Pfadihuus Vermietungsteam Alte Schmerikonerstr.68733 Eschenbach SGvermietung [at] pfadieschenbach [dot] &hellip; <\/p>\n<p class=\"link-more\"><a href=\"https:\/\/vermietung.teubers.ch\/?page_id=3\" class=\"more-link\"><span class=\"screen-reader-text\">\u201eDatenschutzerkl\u00e4rung\u201c<\/span> weiterlesen<\/a><\/p>\n","protected":false},"author":1,"featured_media":0,"parent":15,"menu_order":0,"comment_status":"closed","ping_status":"closed","template":"","meta":{"footnotes":""},"class_list":["post-3","page","type-page","status-publish","hentry"],"_links":{"self":[{"href":"https:\/\/vermietung.teubers.ch\/index.php?rest_route=\/wp\/v2\/pages\/3","targetHints":{"allow":["GET"]}}],"collection":[{"href":"https:\/\/vermietung.teubers.ch\/index.php?rest_route=\/wp\/v2\/pages"}],"about":[{"href":"https:\/\/vermietung.teubers.ch\/index.php?rest_route=\/wp\/v2\/types\/page"}],"author":[{"embeddable":true,"href":"https:\/\/vermietung.teubers.ch\/index.php?rest_route=\/wp\/v2\/users\/1"}],"replies":[{"embeddable":true,"href":"https:\/\/vermietung.teubers.ch\/index.php?rest_route=%2Fwp%2Fv2%2Fcomments&post=3"}],"version-history":[{"count":5,"href":"https:\/\/vermietung.teubers.ch\/index.php?rest_route=\/wp\/v2\/pages\/3\/revisions"}],"predecessor-version":[{"id":434,"href":"https:\/\/vermietung.teubers.ch\/index.php?rest_route=\/wp\/v2\/pages\/3\/revisions\/434"}],"up":[{"embeddable":true,"href":"https:\/\/vermietung.teubers.ch\/index.php?rest_route=\/wp\/v2\/pages\/15"}],"wp:attachment":[{"href":"https:\/\/vermietung.teubers.ch\/index.php?rest_route=%2Fwp%2Fv2%2Fmedia&parent=3"}],"curies":[{"name":"wp","href":"https:\/\/api.w.org\/{rel}","templated":true}]}}