{"id":445,"date":"2025-01-12T13:50:23","date_gmt":"2025-01-12T12:50:23","guid":{"rendered":"https:\/\/vermietung.teubers.ch\/?page_id=445"},"modified":"2025-01-30T00:25:54","modified_gmt":"2025-01-29T23:25:54","slug":"reservations-anfrage","status":"publish","type":"page","link":"https:\/\/vermietung.teubers.ch\/?page_id=445","title":{"rendered":"Reservations Anfrage"},"content":{"rendered":"<div class=\"wpforms-container wpforms-container-full wpforms-block wpforms-block-bc181ec2-d3ca-4956-9ddf-3d29ab4eb71e\" id=\"wpforms-482\"><form id=\"wpforms-form-482\" class=\"wpforms-validate wpforms-form wpforms-ajax-form\" data-formid=\"482\" method=\"post\" enctype=\"multipart\/form-data\" action=\"\/index.php?rest_route=%2Fwp%2Fv2%2Fpages%2F445\" data-token=\"dec3db1fdb1435b44e87f1195ac60120\" data-token-time=\"1777278485\"><noscript class=\"wpforms-error-noscript\">Please enable JavaScript in your browser to complete this form.<\/noscript><div class=\"wpforms-field-container\"><div id=\"wpforms-482-field_5-container\" class=\"wpforms-field wpforms-field-text\" data-field-id=\"5\"><label class=\"wpforms-field-label\" for=\"wpforms-482-field_5\">Nachname <span class=\"wpforms-required-label\">*<\/span><\/label><input type=\"text\" id=\"wpforms-482-field_5\" class=\"wpforms-field-medium wpforms-field-required\" name=\"wpforms[fields][5]\" required><\/div><div id=\"wpforms-482-field_6-container\" class=\"wpforms-field wpforms-field-text\" data-field-id=\"6\"><label class=\"wpforms-field-label\" for=\"wpforms-482-field_6\">Vorname <span class=\"wpforms-required-label\">*<\/span><\/label><input type=\"text\" id=\"wpforms-482-field_6\" class=\"wpforms-field-medium wpforms-field-required\" name=\"wpforms[fields][6]\" required><\/div><div id=\"wpforms-482-field_7-container\" class=\"wpforms-field wpforms-field-text\" data-field-id=\"7\"><label class=\"wpforms-field-label\" for=\"wpforms-482-field_7\">Strasse Nr. <span class=\"wpforms-required-label\">*<\/span><\/label><input type=\"text\" id=\"wpforms-482-field_7\" class=\"wpforms-field-medium wpforms-field-required\" name=\"wpforms[fields][7]\" required><\/div><div id=\"wpforms-482-field_8-container\" class=\"wpforms-field wpforms-field-text\" data-field-id=\"8\"><label class=\"wpforms-field-label\" for=\"wpforms-482-field_8\">PLZ \/ Ort <span class=\"wpforms-required-label\">*<\/span><\/label><input type=\"text\" id=\"wpforms-482-field_8\" class=\"wpforms-field-medium wpforms-field-required\" name=\"wpforms[fields][8]\" required><\/div><div id=\"wpforms-482-field_9-container\" class=\"wpforms-field wpforms-field-text\" data-field-id=\"9\"><label class=\"wpforms-field-label\" for=\"wpforms-482-field_9\">Geburtsdatum <span class=\"wpforms-required-label\">*<\/span><\/label><input type=\"text\" id=\"wpforms-482-field_9\" class=\"wpforms-field-medium wpforms-field-required wpforms-masked-input\" data-rule-inputmask-incomplete=\"1\" data-inputmask-alias=\"datetime\" data-inputmask-inputformat=\" dd\/mm\/yyyy\" data-inputmask-inputmode=\"numeric\" name=\"wpforms[fields][9]\" required><\/div><div id=\"wpforms-482-field_10-container\" class=\"wpforms-field wpforms-field-text\" data-field-id=\"10\"><label class=\"wpforms-field-label\" for=\"wpforms-482-field_10\">Telefon Nummer <span class=\"wpforms-required-label\">*<\/span><\/label><input type=\"text\" id=\"wpforms-482-field_10\" class=\"wpforms-field-medium wpforms-field-required\" name=\"wpforms[fields][10]\" required><\/div><div id=\"wpforms-482-field_11-container\" class=\"wpforms-field wpforms-field-text\" data-field-id=\"11\"><label class=\"wpforms-field-label\" for=\"wpforms-482-field_11\">Email Adresse <span class=\"wpforms-required-label\">*<\/span><\/label><input type=\"text\" id=\"wpforms-482-field_11\" class=\"wpforms-field-medium wpforms-field-required\" name=\"wpforms[fields][11]\" required><\/div><div id=\"wpforms-482-field_12-container\" class=\"wpforms-field wpforms-field-text\" data-field-id=\"12\"><label class=\"wpforms-field-label\" for=\"wpforms-482-field_12\">Verein \/ Firma <span class=\"wpforms-required-label\">*<\/span><\/label><input type=\"text\" id=\"wpforms-482-field_12\" class=\"wpforms-field-medium wpforms-field-required\" name=\"wpforms[fields][12]\" required><\/div><div id=\"wpforms-482-field_13-container\" class=\"wpforms-field wpforms-field-text\" data-field-id=\"13\"><label class=\"wpforms-field-label\" for=\"wpforms-482-field_13\">Funktion in Verein \/ Firma <span class=\"wpforms-required-label\">*<\/span><\/label><input type=\"text\" id=\"wpforms-482-field_13\" class=\"wpforms-field-medium wpforms-field-required\" name=\"wpforms[fields][13]\" required><\/div><div id=\"wpforms-482-field_14-container\" class=\"wpforms-field wpforms-field-text\" data-field-id=\"14\"><label class=\"wpforms-field-label\" for=\"wpforms-482-field_14\">Datum von <span class=\"wpforms-required-label\">*<\/span><\/label><input type=\"text\" id=\"wpforms-482-field_14\" class=\"wpforms-field-medium wpforms-field-required wpforms-masked-input\" data-rule-inputmask-incomplete=\"1\" data-inputmask-alias=\"datetime\" data-inputmask-inputformat=\" dd.mm.yyyy\" data-inputmask-inputmode=\"numeric\" name=\"wpforms[fields][14]\" required><\/div><div id=\"wpforms-482-field_15-container\" class=\"wpforms-field wpforms-field-text\" data-field-id=\"15\"><label class=\"wpforms-field-label\" for=\"wpforms-482-field_15\">Datum bis <span class=\"wpforms-required-label\">*<\/span><\/label><input type=\"text\" id=\"wpforms-482-field_15\" class=\"wpforms-field-medium wpforms-field-required wpforms-masked-input\" data-rule-inputmask-incomplete=\"1\" data-inputmask-alias=\"datetime\" data-inputmask-inputformat=\" dd.mm.yyyy\" data-inputmask-inputmode=\"numeric\" name=\"wpforms[fields][15]\" required><\/div><div id=\"wpforms-482-field_19-container\" class=\"wpforms-field wpforms-field-text\" data-field-id=\"19\"><label class=\"wpforms-field-label\" for=\"wpforms-482-field_19\">Zeit von <span class=\"wpforms-required-label\">*<\/span><\/label><input type=\"text\" id=\"wpforms-482-field_19\" class=\"wpforms-field-medium wpforms-field-required wpforms-masked-input\" data-rule-inputmask-incomplete=\"1\" data-inputmask-alias=\"datetime\" data-inputmask-inputformat=\" HH:MM\" data-inputmask-inputmode=\"numeric\" name=\"wpforms[fields][19]\" required><\/div><div id=\"wpforms-482-field_20-container\" class=\"wpforms-field wpforms-field-text\" data-field-id=\"20\"><label class=\"wpforms-field-label\" for=\"wpforms-482-field_20\">Zeit bis <span class=\"wpforms-required-label\">*<\/span><\/label><input type=\"text\" id=\"wpforms-482-field_20\" class=\"wpforms-field-medium wpforms-field-required wpforms-masked-input\" data-rule-inputmask-incomplete=\"1\" data-inputmask-alias=\"datetime\" data-inputmask-inputformat=\" HH:MM\" data-inputmask-inputmode=\"numeric\" name=\"wpforms[fields][20]\" required><\/div><div id=\"wpforms-482-field_17-container\" class=\"wpforms-field wpforms-field-select wpforms-field-select-style-classic\" data-field-id=\"17\"><label class=\"wpforms-field-label\" for=\"wpforms-482-field_17\">Art der Veranstaltung<\/label><select id=\"wpforms-482-field_17\" class=\"wpforms-field-medium\" name=\"wpforms[fields][17]\"><option value=\"Vereinsanlass\"  class=\"choice-1 depth-1\"  >Vereinsanlass<\/option><option value=\"Sitzung\"  class=\"choice-2 depth-1\"  >Sitzung<\/option><option value=\"Teamevent\"  class=\"choice-3 depth-1\"  >Teamevent<\/option><option value=\"Gesch\u00e4fts-\/Jahres-\/Abschluss.\/.. -Essen\"  class=\"choice-4 depth-1\"  >Gesch\u00e4fts-\/Jahres-\/Abschluss.\/.. -Essen<\/option><option value=\"Planungsweekend\"  class=\"choice-5 depth-1\"  >Planungsweekend<\/option><option value=\"Lager\"  class=\"choice-6 depth-1\"  >Lager<\/option><option value=\"Andere\"  class=\"choice-7 depth-1\"  >Andere<\/option><\/select><\/div>\t\t<div id=\"wpforms-482-field_1-container\"\n\t\t\tclass=\"wpforms-field wpforms-field-text\"\n\t\t\tdata-field-type=\"text\"\n\t\t\tdata-field-id=\"1\"\n\t\t\t>\n\t\t\t<label class=\"wpforms-field-label\" for=\"wpforms-482-field_1\" >Anzahl Nachname Adresse<\/label>\n\t\t\t<input type=\"text\" id=\"wpforms-482-field_1\" class=\"wpforms-field-medium\" name=\"wpforms[fields][1]\" >\n\t\t<\/div>\n\t\t<div id=\"wpforms-482-field_18-container\" class=\"wpforms-field wpforms-field-text\" data-field-id=\"18\"><label class=\"wpforms-field-label\" for=\"wpforms-482-field_18\">Name des Anlasses <span class=\"wpforms-required-label\">*<\/span><\/label><input type=\"text\" id=\"wpforms-482-field_18\" class=\"wpforms-field-medium wpforms-field-required\" name=\"wpforms[fields][18]\" required><\/div><div id=\"wpforms-482-field_21-container\" class=\"wpforms-field wpforms-field-select wpforms-field-select-style-classic\" data-field-id=\"21\"><label class=\"wpforms-field-label\" for=\"wpforms-482-field_21\">Benutzerkategorie<\/label><select id=\"wpforms-482-field_21\" class=\"wpforms-field-medium\" name=\"wpforms[fields][21]\"><option value=\"Ausw\u00e4rtige Pfadiabteilungen f\u00fcr Pfadianl\u00e4sse ohne Alterslimite\"  class=\"choice-1 depth-1\"  >Ausw\u00e4rtige Pfadiabteilungen f\u00fcr Pfadianl\u00e4sse ohne Alterslimite<\/option><option value=\"Andere Jugendorganisationen und Schulen der Gemeinden Eschenbach\/Schmerikon. Mindestens 50% der Teilnehmer &lt;16 Jahre und  mindestens 50% der Teilnehmer Vereinsmitglieder.oice\"  class=\"choice-2 depth-1\"  >Andere Jugendorganisationen und Schulen der Gemeinden Eschenbach\/Schmerikon. Mindestens 50% der Teilnehmer &lt;16 Jahre und  mindestens 50% der Teilnehmer Vereinsmitglieder.oice<\/option><option value=\"Vereine und Schulen der Gemeinden Eschenbach\/Schmerikon. Mindestens 50% Vereinsmitglieder.\"  class=\"choice-3 depth-1\"  >Vereine und Schulen der Gemeinden Eschenbach\/Schmerikon. Mindestens 50% Vereinsmitglieder.<\/option><option value=\"Ausw\u00e4rtige Jugendorganisationen. Mindestens 50% Vereinsmitglieder.\"  class=\"choice-4 depth-1\"  >Ausw\u00e4rtige Jugendorganisationen. Mindestens 50% Vereinsmitglieder.<\/option><option value=\"Dritte (Firmen, ...)\"  class=\"choice-5 depth-1\"  >Dritte (Firmen, &#8230;)<\/option><option value=\"Pfadiabteilung Eschenbach\"  class=\"choice-6 depth-1\"  >Pfadiabteilung Eschenbach<\/option><\/select><\/div><div id=\"wpforms-482-field_24-container\" class=\"wpforms-field wpforms-field-number\" data-field-id=\"24\"><label class=\"wpforms-field-label\" for=\"wpforms-482-field_24\">Anzahl Teilnehmer  min. <span class=\"wpforms-required-label\">*<\/span><\/label><input type=\"number\" id=\"wpforms-482-field_24\" class=\"wpforms-field-medium wpforms-field-required\" name=\"wpforms[fields][24]\" step=\"any\" required><\/div><div id=\"wpforms-482-field_25-container\" class=\"wpforms-field wpforms-field-number\" data-field-id=\"25\"><label class=\"wpforms-field-label\" for=\"wpforms-482-field_25\">Anzahl Teilnehmer  max. <span class=\"wpforms-required-label\">*<\/span><\/label><input type=\"number\" id=\"wpforms-482-field_25\" class=\"wpforms-field-medium wpforms-field-required\" name=\"wpforms[fields][25]\" step=\"any\" required><\/div><div id=\"wpforms-482-field_26-container\" class=\"wpforms-field wpforms-field-select wpforms-field-select-style-classic\" data-field-id=\"26\"><label class=\"wpforms-field-label\" for=\"wpforms-482-field_26\">Belegung <span class=\"wpforms-required-label\">*<\/span><\/label><select id=\"wpforms-482-field_26\" class=\"wpforms-field-medium wpforms-field-required\" name=\"wpforms[fields][26]\" required=\"required\"><option value=\"Kurzmiete 4 Stunden (Sitzungen etc.)\"  class=\"choice-1 depth-1\"  >Kurzmiete 4 Stunden (Sitzungen etc.)<\/option><option value=\"Tagesmiete 08:00h \u2013 17:00h\"  class=\"choice-2 depth-1\"  >Tagesmiete 08:00h \u2013 17:00h<\/option><option value=\"Abendmiete 17:00h \u2013 10:00h am folgenden Tag\"  class=\"choice-3 depth-1\"  >Abendmiete 17:00h \u2013 10:00h am folgenden Tag<\/option><option value=\"Gesamtpaket 24 Stunden\"  class=\"choice-4 depth-1\"  >Gesamtpaket 24 Stunden<\/option><option value=\"Wochenmiete f\u00fcr Jugendorganisationen R\u00e4ume Parterre und 1. Stock\"  class=\"choice-5 depth-1\"  >Wochenmiete f\u00fcr Jugendorganisationen R\u00e4ume Parterre und 1. Stock<\/option><\/select><\/div><div id=\"wpforms-482-field_27-container\" class=\"wpforms-field wpforms-field-checkbox\" data-field-id=\"27\"><label class=\"wpforms-field-label\">R\u00e4ume \/ Infrastruktur <span class=\"wpforms-required-label\">*<\/span><\/label><ul id=\"wpforms-482-field_27\" class=\"wpforms-field-required\"><li class=\"choice-1 depth-1\"><input type=\"checkbox\" id=\"wpforms-482-field_27_1\" name=\"wpforms[fields][27][]\" value=\"Hauptraum, Toilette, K\u00fcche\" required ><label class=\"wpforms-field-label-inline\" for=\"wpforms-482-field_27_1\">Hauptraum, Toilette, K\u00fcche<\/label><\/li><li class=\"choice-2 depth-1\"><input type=\"checkbox\" id=\"wpforms-482-field_27_2\" name=\"wpforms[fields][27][]\" value=\"K\u00fcche plus\" required ><label class=\"wpforms-field-label-inline\" for=\"wpforms-482-field_27_2\">K\u00fcche plus<\/label><\/li><li class=\"choice-3 depth-1\"><input type=\"checkbox\" id=\"wpforms-482-field_27_3\" name=\"wpforms[fields][27][]\" value=\"Obergeschoss (nur....)\" required ><label class=\"wpforms-field-label-inline\" for=\"wpforms-482-field_27_3\">Obergeschoss (nur&#8230;.)<\/label><\/li><li class=\"choice-4 depth-1\"><input type=\"checkbox\" id=\"wpforms-482-field_27_4\" name=\"wpforms[fields][27][]\" value=\"Zeltplatz\" required ><label class=\"wpforms-field-label-inline\" for=\"wpforms-482-field_27_4\">Zeltplatz<\/label><\/li><\/ul><\/div><div id=\"wpforms-482-field_28-container\" class=\"wpforms-field wpforms-field-textarea\" data-field-id=\"28\"><label class=\"wpforms-field-label\" for=\"wpforms-482-field_28\">Sonstige Bemerkungen<\/label><textarea id=\"wpforms-482-field_28\" class=\"wpforms-field-medium\" name=\"wpforms[fields][28]\" ><\/textarea><\/div><script>\n\t\t\t\t( function() {\n\t\t\t\t\tconst style = document.createElement( 'style' );\n\t\t\t\t\tstyle.appendChild( document.createTextNode( '#wpforms-482-field_1-container { position: absolute !important; overflow: hidden !important; display: inline !important; height: 1px !important; width: 1px !important; z-index: -1000 !important; padding: 0 !important; } #wpforms-482-field_1-container input { visibility: hidden; } #wpforms-conversational-form-page #wpforms-482-field_1-container label { counter-increment: none; }' ) );\n\t\t\t\t\tdocument.head.appendChild( style );\n\t\t\t\t\tdocument.currentScript?.remove();\n\t\t\t\t} )();\n\t\t\t<\/script><\/div><!-- .wpforms-field-container --><div class=\"wpforms-submit-container\" ><input type=\"hidden\" name=\"wpforms[id]\" value=\"482\"><input type=\"hidden\" name=\"page_title\" value=\"\"><input type=\"hidden\" name=\"page_url\" value=\"https:\/\/vermietung.teubers.ch\/index.php?rest_route=\/wp\/v2\/pages\/445\"><input type=\"hidden\" name=\"url_referer\" value=\"\"><button type=\"submit\" name=\"wpforms[submit]\" id=\"wpforms-submit-482\" class=\"wpforms-submit\" data-alt-text=\"Die Anfrage wird gesendet...\" data-submit-text=\"Absenden\" aria-live=\"assertive\" value=\"wpforms-submit\">Absenden<\/button><img loading=\"lazy\" decoding=\"async\" src=\"https:\/\/vermietung.teubers.ch\/wp-content\/plugins\/wpforms-lite\/assets\/images\/submit-spin.svg\" class=\"wpforms-submit-spinner\" style=\"display: none;\" width=\"26\" height=\"26\" alt=\"Loading\"><\/div><\/form><\/div>  <!-- .wpforms-container -->","protected":false},"excerpt":{"rendered":"","protected":false},"author":2,"featured_media":0,"parent":15,"menu_order":1,"comment_status":"closed","ping_status":"closed","template":"","meta":{"footnotes":""},"class_list":["post-445","page","type-page","status-publish","hentry"],"_links":{"self":[{"href":"https:\/\/vermietung.teubers.ch\/index.php?rest_route=\/wp\/v2\/pages\/445","targetHints":{"allow":["GET"]}}],"collection":[{"href":"https:\/\/vermietung.teubers.ch\/index.php?rest_route=\/wp\/v2\/pages"}],"about":[{"href":"https:\/\/vermietung.teubers.ch\/index.php?rest_route=\/wp\/v2\/types\/page"}],"author":[{"embeddable":true,"href":"https:\/\/vermietung.teubers.ch\/index.php?rest_route=\/wp\/v2\/users\/2"}],"replies":[{"embeddable":true,"href":"https:\/\/vermietung.teubers.ch\/index.php?rest_route=%2Fwp%2Fv2%2Fcomments&post=445"}],"version-history":[{"count":10,"href":"https:\/\/vermietung.teubers.ch\/index.php?rest_route=\/wp\/v2\/pages\/445\/revisions"}],"predecessor-version":[{"id":527,"href":"https:\/\/vermietung.teubers.ch\/index.php?rest_route=\/wp\/v2\/pages\/445\/revisions\/527"}],"up":[{"embeddable":true,"href":"https:\/\/vermietung.teubers.ch\/index.php?rest_route=\/wp\/v2\/pages\/15"}],"wp:attachment":[{"href":"https:\/\/vermietung.teubers.ch\/index.php?rest_route=%2Fwp%2Fv2%2Fmedia&parent=445"}],"curies":[{"name":"wp","href":"https:\/\/api.w.org\/{rel}","templated":true}]}}